{"id":4759,"date":"2023-03-27T15:09:59","date_gmt":"2023-03-27T15:09:59","guid":{"rendered":"https:\/\/ninbol-srl.com\/web\/?post_type=product&#038;p=4759"},"modified":"2023-04-09T18:38:01","modified_gmt":"2023-04-09T18:38:01","slug":"balanzas-analitica-precisa-pb-220a","status":"publish","type":"product","link":"https:\/\/ninbol-srl.com\/web\/producto\/balanzas-analitica-precisa-pb-220a\/","title":{"rendered":"Balanzas anal\u00edtica precisa pb 220a"},"content":{"rendered":"","protected":false},"excerpt":{"rendered":"<p><strong>REFERENCIA:\u00a0<\/strong>PB 220A |\u00a0<strong>MARCA:\u00a0<\/strong>PRECISA SUIZA<\/p>\n<p>Cinco teclas de membrana mec\u00e1nica de alta calidad garantizan la longevidad y una sensaci\u00f3n t\u00e1ctil con una respuesta claramente perceptible para el usuario.\u00a0El modelo 520 PB tambi\u00e9n es adecuado para laboratorios, industrias farmac\u00e9utica, alimentaria, ligera y de bienes de consumo, as\u00ed como para producci\u00f3n o para farmacias y joyer\u00edas.<\/p>\n<p>Dondequiera que se lleve a cabo un trabajo rutinario preciso y exigente de forma regular, la fiabilidad y la facilidad de uso son componentes clave.\u00a0Tecnolog\u00eda de \u00faltima generaci\u00f3n con una amplia gama de aplicaciones como conteo, densidad, pesaje de animales, etc.<\/p>\n<p>Incluyendo estad\u00edsticas, una amplia gama de idiomas, interfaces RS232 y USB, se cumplen todos los requisitos actuales y futuros.\u00a0Nunca ha sido tan f\u00e1cil elegir el equilibrio adecuado.<\/p>\n<p>Idea suiza, desarrollo suizo, producci\u00f3n suiza.\u00a0Con m\u00e1s de 40 a\u00f1os de conocimiento y experiencia, Precisa Gravimetrics AG ha desarrollado una de las innovaciones m\u00e1s importantes en tecnolog\u00eda de pesaje en los \u00faltimos a\u00f1os.\u00a0La c\u00e9lula de pesaje Precisa PHASTbloc\u2122 le permite beneficiarse de esta tecnolog\u00eda avanzada y proporciona una balanza t\u00e9cnicamente perfecta, f\u00e1cil de usar, atractiva, econ\u00f3mica y sostenible.<\/p>\n<p>Descubra las novedades de la serie 520.\u00a0Esperamos poder inspirarlo, como ya lo han hecho muchos usuarios.<\/p>\n","protected":false},"featured_media":4760,"comment_status":"closed","ping_status":"closed","template":"","meta":{"_eb_attr":"","site-sidebar-layout":"default","site-content-layout":"default","ast-site-content-layout":"","site-content-style":"default","site-sidebar-style":"default","ast-global-header-display":"","ast-banner-title-visibility":"","ast-main-header-display":"","ast-hfb-above-header-display":"","ast-hfb-below-header-display":"","ast-hfb-mobile-header-display":"","site-post-title":"","ast-breadcrumbs-content":"","ast-featured-img":"","footer-sml-layout":"","theme-transparent-header-meta":"default","adv-header-id-meta":"","stick-header-meta":"","header-above-stick-meta":"","header-main-stick-meta":"","header-below-stick-meta":"","astra-migrate-meta-layouts":"default","ast-page-background-enabled":"default","ast-page-background-meta":{"desktop":{"background-color":"","background-image":"","background-repeat":"repeat","background-position":"center center","background-size":"auto","background-attachment":"scroll","background-type":"","background-media":"","overlay-type":"","overlay-color":"","overlay-gradient":""},"tablet":{"background-color":"","background-image":"","background-repeat":"repeat","background-position":"center center","background-size":"auto","background-attachment":"scroll","background-type":"","background-media":"","overlay-type":"","overlay-color":"","overlay-gradient":""},"mobile":{"background-color":"","background-image":"","background-repeat":"repeat","background-position":"center center","background-size":"auto","background-attachment":"scroll","background-type":"","background-media":"","overlay-type":"","overlay-color":"","overlay-gradient":""}},"ast-content-background-meta":{"desktop":{"background-color":"var(--ast-global-color-5)","background-image":"","background-repeat":"repeat","background-position":"center center","background-size":"auto","background-attachment":"scroll","background-type":"","background-media":"","overlay-type":"","overlay-color":"","overlay-gradient":""},"tablet":{"background-color":"var(--ast-global-color-5)","background-image":"","background-repeat":"repeat","background-position":"center center","background-size":"auto","background-attachment":"scroll","background-type":"","background-media":"","overlay-type":"","overlay-color":"","overlay-gradient":""},"mobile":{"background-color":"var(--ast-global-color-5)","background-image":"","background-repeat":"repeat","background-position":"center center","background-size":"auto","background-attachment":"scroll","background-type":"","background-media":"","overlay-type":"","overlay-color":"","overlay-gradient":""}}},"product_cat":[57],"product_tag":[],"class_list":{"0":"post-4759","1":"product","2":"type-product","3":"status-publish","4":"has-post-thumbnail","6":"product_cat-autoclaves-balanza-analizadores","7":"desktop-align-left","8":"tablet-align-left","9":"mobile-align-left","11":"first","12":"instock","13":"shipping-taxable","14":"product-type-simple"},"_links":{"self":[{"href":"https:\/\/ninbol-srl.com\/web\/wp-json\/wp\/v2\/product\/4759","targetHints":{"allow":["GET"]}}],"collection":[{"href":"https:\/\/ninbol-srl.com\/web\/wp-json\/wp\/v2\/product"}],"about":[{"href":"https:\/\/ninbol-srl.com\/web\/wp-json\/wp\/v2\/types\/product"}],"replies":[{"embeddable":true,"href":"https:\/\/ninbol-srl.com\/web\/wp-json\/wp\/v2\/comments?post=4759"}],"version-history":[{"count":2,"href":"https:\/\/ninbol-srl.com\/web\/wp-json\/wp\/v2\/product\/4759\/revisions"}],"predecessor-version":[{"id":5449,"href":"https:\/\/ninbol-srl.com\/web\/wp-json\/wp\/v2\/product\/4759\/revisions\/5449"}],"wp:featuredmedia":[{"embeddable":true,"href":"https:\/\/ninbol-srl.com\/web\/wp-json\/wp\/v2\/media\/4760"}],"wp:attachment":[{"href":"https:\/\/ninbol-srl.com\/web\/wp-json\/wp\/v2\/media?parent=4759"}],"wp:term":[{"taxonomy":"product_cat","embeddable":true,"href":"https:\/\/ninbol-srl.com\/web\/wp-json\/wp\/v2\/product_cat?post=4759"},{"taxonomy":"product_tag","embeddable":true,"href":"https:\/\/ninbol-srl.com\/web\/wp-json\/wp\/v2\/product_tag?post=4759"}],"curies":[{"name":"wp","href":"https:\/\/api.w.org\/{rel}","templated":true}]}}