{"id":4765,"date":"2023-03-27T15:15:02","date_gmt":"2023-03-27T15:15:02","guid":{"rendered":"https:\/\/ninbol-srl.com\/web\/?post_type=product&#038;p=4765"},"modified":"2023-04-09T18:33:45","modified_gmt":"2023-04-09T18:33:45","slug":"balanza-analitica-kern-abs-220","status":"publish","type":"product","link":"https:\/\/ninbol-srl.com\/web\/producto\/balanza-analitica-kern-abs-220\/","title":{"rendered":"Balanza anal\u00edtica Kern abs 220"},"content":{"rendered":"","protected":false},"excerpt":{"rendered":"<p><strong>REFERENCIA:\u00a0<\/strong>ABS 220-4N |\u00a0<strong>MARCA:\u00a0<\/strong>KERN &amp; SOHN GMBH<\/p>\n<p>La m\u00e1s vendida de las balanzas anal\u00edticas, con un sistema de pesaje single-cell de alta calidad, tambi\u00e9n con aprobaci\u00f3n de homologaci\u00f3n [M]<\/p>\n<p><strong>Tags de b\u00fasqueda:<\/strong> Balanza, Balanza anal\u00edtica, Balanza para laboratorio, Balanza anal\u00edtica avanzada, Industria, Alimentos, Laboratorio, Investigaci\u00f3n, Control de calidad, Equipo para laboratorio.<\/p>\n","protected":false},"featured_media":4766,"comment_status":"closed","ping_status":"closed","template":"","meta":{"_eb_attr":"","site-sidebar-layout":"default","site-content-layout":"default","ast-site-content-layout":"","site-content-style":"default","site-sidebar-style":"default","ast-global-header-display":"","ast-banner-title-visibility":"","ast-main-header-display":"","ast-hfb-above-header-display":"","ast-hfb-below-header-display":"","ast-hfb-mobile-header-display":"","site-post-title":"","ast-breadcrumbs-content":"","ast-featured-img":"","footer-sml-layout":"","theme-transparent-header-meta":"default","adv-header-id-meta":"","stick-header-meta":"","header-above-stick-meta":"","header-main-stick-meta":"","header-below-stick-meta":"","astra-migrate-meta-layouts":"default","ast-page-background-enabled":"default","ast-page-background-meta":{"desktop":{"background-color":"","background-image":"","background-repeat":"repeat","background-position":"center center","background-size":"auto","background-attachment":"scroll","background-type":"","background-media":"","overlay-type":"","overlay-color":"","overlay-gradient":""},"tablet":{"background-color":"","background-image":"","background-repeat":"repeat","background-position":"center center","background-size":"auto","background-attachment":"scroll","background-type":"","background-media":"","overlay-type":"","overlay-color":"","overlay-gradient":""},"mobile":{"background-color":"","background-image":"","background-repeat":"repeat","background-position":"center center","background-size":"auto","background-attachment":"scroll","background-type":"","background-media":"","overlay-type":"","overlay-color":"","overlay-gradient":""}},"ast-content-background-meta":{"desktop":{"background-color":"var(--ast-global-color-5)","background-image":"","background-repeat":"repeat","background-position":"center center","background-size":"auto","background-attachment":"scroll","background-type":"","background-media":"","overlay-type":"","overlay-color":"","overlay-gradient":""},"tablet":{"background-color":"var(--ast-global-color-5)","background-image":"","background-repeat":"repeat","background-position":"center center","background-size":"auto","background-attachment":"scroll","background-type":"","background-media":"","overlay-type":"","overlay-color":"","overlay-gradient":""},"mobile":{"background-color":"var(--ast-global-color-5)","background-image":"","background-repeat":"repeat","background-position":"center center","background-size":"auto","background-attachment":"scroll","background-type":"","background-media":"","overlay-type":"","overlay-color":"","overlay-gradient":""}}},"product_cat":[57],"product_tag":[],"class_list":{"0":"post-4765","1":"product","2":"type-product","3":"status-publish","4":"has-post-thumbnail","6":"product_cat-autoclaves-balanza-analizadores","7":"desktop-align-left","8":"tablet-align-left","9":"mobile-align-left","11":"first","12":"instock","13":"shipping-taxable","14":"product-type-simple"},"_links":{"self":[{"href":"https:\/\/ninbol-srl.com\/web\/wp-json\/wp\/v2\/product\/4765","targetHints":{"allow":["GET"]}}],"collection":[{"href":"https:\/\/ninbol-srl.com\/web\/wp-json\/wp\/v2\/product"}],"about":[{"href":"https:\/\/ninbol-srl.com\/web\/wp-json\/wp\/v2\/types\/product"}],"replies":[{"embeddable":true,"href":"https:\/\/ninbol-srl.com\/web\/wp-json\/wp\/v2\/comments?post=4765"}],"version-history":[{"count":2,"href":"https:\/\/ninbol-srl.com\/web\/wp-json\/wp\/v2\/product\/4765\/revisions"}],"predecessor-version":[{"id":5447,"href":"https:\/\/ninbol-srl.com\/web\/wp-json\/wp\/v2\/product\/4765\/revisions\/5447"}],"wp:featuredmedia":[{"embeddable":true,"href":"https:\/\/ninbol-srl.com\/web\/wp-json\/wp\/v2\/media\/4766"}],"wp:attachment":[{"href":"https:\/\/ninbol-srl.com\/web\/wp-json\/wp\/v2\/media?parent=4765"}],"wp:term":[{"taxonomy":"product_cat","embeddable":true,"href":"https:\/\/ninbol-srl.com\/web\/wp-json\/wp\/v2\/product_cat?post=4765"},{"taxonomy":"product_tag","embeddable":true,"href":"https:\/\/ninbol-srl.com\/web\/wp-json\/wp\/v2\/product_tag?post=4765"}],"curies":[{"name":"wp","href":"https:\/\/api.w.org\/{rel}","templated":true}]}}