{"id":4768,"date":"2023-03-27T15:18:38","date_gmt":"2023-03-27T15:18:38","guid":{"rendered":"https:\/\/ninbol-srl.com\/web\/?post_type=product&#038;p=4768"},"modified":"2023-04-09T18:31:17","modified_gmt":"2023-04-09T18:31:17","slug":"balanzas-semianaliticas","status":"publish","type":"product","link":"https:\/\/ninbol-srl.com\/web\/producto\/balanzas-semianaliticas\/","title":{"rendered":"Balanzas semianaliticas"},"content":{"rendered":"","protected":false},"excerpt":{"rendered":"<p><strong>REFERENCIA:\u00a0<\/strong>PFB 300-3|\u00a0<strong>MARCA:\u00a0<\/strong>KERN<\/p>\n<p><strong>Balanza de precisi\u00f3n KERN PFB con un concepto de manejo sencillo<\/strong><\/p>\n<ul>\n<li><strong>Programa de ajuste (CAL)<\/strong>: Para un ajuste r\u00e1pido de la precisi\u00f3n de la balanza. Requiere peso de ajuste externo.<\/li>\n<li><strong>Interfaz de datos RS-232<\/strong>: Para conectar la balanza a una impresora, PC o red<\/li>\n<li><strong>Registro GLP \/ ISO<\/strong>: con peso, fecha y hora. Solo con impresoras KERN, consulte Accesorios<\/li>\n<li><strong>Protocolo de comunicaci\u00f3n KERN (KCP)<\/strong>: Es un conjunto de comandos de interfaz estandarizado para balanzas KERN y otros instrumentos, que permite recuperar y controlar todos los par\u00e1metros y funciones relevantes del dispositivo.<\/li>\n<li><strong>Recuento de piezas<\/strong>: Cantidades de referencia seleccionables. La visualizaci\u00f3n se puede cambiar de pieza a peso.<\/li>\n<li><strong>Nivel de receta A<\/strong>: Memoria separada para el peso del recipiente de tara y los ingredientes de la receta (total neto).<\/li>\n<li><strong>Determinaci\u00f3n de porcentaje<\/strong>: Muestra la desviaci\u00f3n del peso de referencia (100%) en% en lugar de gramos.<\/li>\n<li><strong>Adaptador de red universal<\/strong>: con entrada universal y adaptadores de enchufe de entrada opcionales para UE, GB, EE. UU.<\/li>\n<li><strong>Principio de pesaje<\/strong>: Galgas extensiom\u00e9tricas Resistencia el\u00e9ctrica sobre un cuerpo deformable el\u00e1stico.<\/li>\n<\/ul>\n","protected":false},"featured_media":4772,"comment_status":"closed","ping_status":"closed","template":"","meta":{"_eb_attr":"","site-sidebar-layout":"default","site-content-layout":"default","ast-site-content-layout":"","site-content-style":"default","site-sidebar-style":"default","ast-global-header-display":"","ast-banner-title-visibility":"","ast-main-header-display":"","ast-hfb-above-header-display":"","ast-hfb-below-header-display":"","ast-hfb-mobile-header-display":"","site-post-title":"","ast-breadcrumbs-content":"","ast-featured-img":"","footer-sml-layout":"","theme-transparent-header-meta":"default","adv-header-id-meta":"","stick-header-meta":"","header-above-stick-meta":"","header-main-stick-meta":"","header-below-stick-meta":"","astra-migrate-meta-layouts":"default","ast-page-background-enabled":"default","ast-page-background-meta":{"desktop":{"background-color":"","background-image":"","background-repeat":"repeat","background-position":"center center","background-size":"auto","background-attachment":"scroll","background-type":"","background-media":"","overlay-type":"","overlay-color":"","overlay-gradient":""},"tablet":{"background-color":"","background-image":"","background-repeat":"repeat","background-position":"center center","background-size":"auto","background-attachment":"scroll","background-type":"","background-media":"","overlay-type":"","overlay-color":"","overlay-gradient":""},"mobile":{"background-color":"","background-image":"","background-repeat":"repeat","background-position":"center center","background-size":"auto","background-attachment":"scroll","background-type":"","background-media":"","overlay-type":"","overlay-color":"","overlay-gradient":""}},"ast-content-background-meta":{"desktop":{"background-color":"var(--ast-global-color-5)","background-image":"","background-repeat":"repeat","background-position":"center center","background-size":"auto","background-attachment":"scroll","background-type":"","background-media":"","overlay-type":"","overlay-color":"","overlay-gradient":""},"tablet":{"background-color":"var(--ast-global-color-5)","background-image":"","background-repeat":"repeat","background-position":"center center","background-size":"auto","background-attachment":"scroll","background-type":"","background-media":"","overlay-type":"","overlay-color":"","overlay-gradient":""},"mobile":{"background-color":"var(--ast-global-color-5)","background-image":"","background-repeat":"repeat","background-position":"center center","background-size":"auto","background-attachment":"scroll","background-type":"","background-media":"","overlay-type":"","overlay-color":"","overlay-gradient":""}}},"product_cat":[57],"product_tag":[],"class_list":{"0":"post-4768","1":"product","2":"type-product","3":"status-publish","4":"has-post-thumbnail","6":"product_cat-autoclaves-balanza-analizadores","7":"desktop-align-left","8":"tablet-align-left","9":"mobile-align-left","11":"first","12":"instock","13":"shipping-taxable","14":"product-type-simple"},"_links":{"self":[{"href":"https:\/\/ninbol-srl.com\/web\/wp-json\/wp\/v2\/product\/4768","targetHints":{"allow":["GET"]}}],"collection":[{"href":"https:\/\/ninbol-srl.com\/web\/wp-json\/wp\/v2\/product"}],"about":[{"href":"https:\/\/ninbol-srl.com\/web\/wp-json\/wp\/v2\/types\/product"}],"replies":[{"embeddable":true,"href":"https:\/\/ninbol-srl.com\/web\/wp-json\/wp\/v2\/comments?post=4768"}],"version-history":[{"count":3,"href":"https:\/\/ninbol-srl.com\/web\/wp-json\/wp\/v2\/product\/4768\/revisions"}],"predecessor-version":[{"id":5446,"href":"https:\/\/ninbol-srl.com\/web\/wp-json\/wp\/v2\/product\/4768\/revisions\/5446"}],"wp:featuredmedia":[{"embeddable":true,"href":"https:\/\/ninbol-srl.com\/web\/wp-json\/wp\/v2\/media\/4772"}],"wp:attachment":[{"href":"https:\/\/ninbol-srl.com\/web\/wp-json\/wp\/v2\/media?parent=4768"}],"wp:term":[{"taxonomy":"product_cat","embeddable":true,"href":"https:\/\/ninbol-srl.com\/web\/wp-json\/wp\/v2\/product_cat?post=4768"},{"taxonomy":"product_tag","embeddable":true,"href":"https:\/\/ninbol-srl.com\/web\/wp-json\/wp\/v2\/product_tag?post=4768"}],"curies":[{"name":"wp","href":"https:\/\/api.w.org\/{rel}","templated":true}]}}