{"id":4774,"date":"2023-03-27T15:22:30","date_gmt":"2023-03-27T15:22:30","guid":{"rendered":"https:\/\/ninbol-srl.com\/web\/?post_type=product&#038;p=4774"},"modified":"2023-04-09T18:28:53","modified_gmt":"2023-04-09T18:28:53","slug":"balanzas-de-precision","status":"publish","type":"product","link":"https:\/\/ninbol-srl.com\/web\/producto\/balanzas-de-precision\/","title":{"rendered":"Balanzas de precisi\u00f3n"},"content":{"rendered":"","protected":false},"excerpt":{"rendered":"<p><strong>REFERENCIA:\u00a0<\/strong>440-45N |\u00a0<strong>MARCA:\u00a0<\/strong>KERN &amp; SONH GMBH<\/p>\n<p>La cl\u00e1sica de laboratorio.<\/p>\n<p>Pantalla LCD retroiluminada, altura de d\u00edgitos 15 mm<\/p>\n<ul>\n<li>Dimensiones superficie de pesaje, material del plato de pesaje A \u2205 81 mm, pl\u00e1stico, la pintura no es conductiva B \u2205 105 mm, acero inoxidable C A\u00d7P 130\u00d7130 mm, acero inoxidable D A\u00d7P 150\u00d7170 mm, acero inoxidable, v\u00e9ase foto grande<\/li>\n<li>Dimensiones totales A\u00d7P\u00d7A 165\u00d7230\u00d780 mm (sin parabrisas)<\/li>\n<li>Puede utilizarse con pilas, 9 V bloque no incluido en el volumen de suministro, tiempo de funcionamiento hasta 20 h, Funci\u00f3n AUTO-OFF para ahorrar energ\u00eda \u00b7 Peso neto aprox. 0,95 kg<\/li>\n<li>Temperatura ambiente admisible 5 \u00b0C\/35 \u00b0C<\/li>\n<\/ul>\n","protected":false},"featured_media":4775,"comment_status":"closed","ping_status":"closed","template":"","meta":{"_eb_attr":"","site-sidebar-layout":"default","site-content-layout":"default","ast-site-content-layout":"","site-content-style":"default","site-sidebar-style":"default","ast-global-header-display":"","ast-banner-title-visibility":"","ast-main-header-display":"","ast-hfb-above-header-display":"","ast-hfb-below-header-display":"","ast-hfb-mobile-header-display":"","site-post-title":"","ast-breadcrumbs-content":"","ast-featured-img":"","footer-sml-layout":"","theme-transparent-header-meta":"default","adv-header-id-meta":"","stick-header-meta":"","header-above-stick-meta":"","header-main-stick-meta":"","header-below-stick-meta":"","astra-migrate-meta-layouts":"default","ast-page-background-enabled":"default","ast-page-background-meta":{"desktop":{"background-color":"","background-image":"","background-repeat":"repeat","background-position":"center center","background-size":"auto","background-attachment":"scroll","background-type":"","background-media":"","overlay-type":"","overlay-color":"","overlay-gradient":""},"tablet":{"background-color":"","background-image":"","background-repeat":"repeat","background-position":"center center","background-size":"auto","background-attachment":"scroll","background-type":"","background-media":"","overlay-type":"","overlay-color":"","overlay-gradient":""},"mobile":{"background-color":"","background-image":"","background-repeat":"repeat","background-position":"center center","background-size":"auto","background-attachment":"scroll","background-type":"","background-media":"","overlay-type":"","overlay-color":"","overlay-gradient":""}},"ast-content-background-meta":{"desktop":{"background-color":"var(--ast-global-color-5)","background-image":"","background-repeat":"repeat","background-position":"center center","background-size":"auto","background-attachment":"scroll","background-type":"","background-media":"","overlay-type":"","overlay-color":"","overlay-gradient":""},"tablet":{"background-color":"var(--ast-global-color-5)","background-image":"","background-repeat":"repeat","background-position":"center center","background-size":"auto","background-attachment":"scroll","background-type":"","background-media":"","overlay-type":"","overlay-color":"","overlay-gradient":""},"mobile":{"background-color":"var(--ast-global-color-5)","background-image":"","background-repeat":"repeat","background-position":"center center","background-size":"auto","background-attachment":"scroll","background-type":"","background-media":"","overlay-type":"","overlay-color":"","overlay-gradient":""}}},"product_cat":[57],"product_tag":[],"class_list":{"0":"post-4774","1":"product","2":"type-product","3":"status-publish","4":"has-post-thumbnail","6":"product_cat-autoclaves-balanza-analizadores","7":"desktop-align-left","8":"tablet-align-left","9":"mobile-align-left","11":"first","12":"instock","13":"shipping-taxable","14":"product-type-simple"},"_links":{"self":[{"href":"https:\/\/ninbol-srl.com\/web\/wp-json\/wp\/v2\/product\/4774","targetHints":{"allow":["GET"]}}],"collection":[{"href":"https:\/\/ninbol-srl.com\/web\/wp-json\/wp\/v2\/product"}],"about":[{"href":"https:\/\/ninbol-srl.com\/web\/wp-json\/wp\/v2\/types\/product"}],"replies":[{"embeddable":true,"href":"https:\/\/ninbol-srl.com\/web\/wp-json\/wp\/v2\/comments?post=4774"}],"version-history":[{"count":3,"href":"https:\/\/ninbol-srl.com\/web\/wp-json\/wp\/v2\/product\/4774\/revisions"}],"predecessor-version":[{"id":5444,"href":"https:\/\/ninbol-srl.com\/web\/wp-json\/wp\/v2\/product\/4774\/revisions\/5444"}],"wp:featuredmedia":[{"embeddable":true,"href":"https:\/\/ninbol-srl.com\/web\/wp-json\/wp\/v2\/media\/4775"}],"wp:attachment":[{"href":"https:\/\/ninbol-srl.com\/web\/wp-json\/wp\/v2\/media?parent=4774"}],"wp:term":[{"taxonomy":"product_cat","embeddable":true,"href":"https:\/\/ninbol-srl.com\/web\/wp-json\/wp\/v2\/product_cat?post=4774"},{"taxonomy":"product_tag","embeddable":true,"href":"https:\/\/ninbol-srl.com\/web\/wp-json\/wp\/v2\/product_tag?post=4774"}],"curies":[{"name":"wp","href":"https:\/\/api.w.org\/{rel}","templated":true}]}}