{"id":4787,"date":"2023-03-27T15:27:56","date_gmt":"2023-03-27T15:27:56","guid":{"rendered":"https:\/\/ninbol-srl.com\/web\/?post_type=product&#038;p=4787"},"modified":"2023-04-09T18:20:12","modified_gmt":"2023-04-09T18:20:12","slug":"botellones-garrafon-de-transporte","status":"publish","type":"product","link":"https:\/\/ninbol-srl.com\/web\/producto\/botellones-garrafon-de-transporte\/","title":{"rendered":"Botellones \/ Garraf\u00f3n de transporte"},"content":{"rendered":"","protected":false},"excerpt":{"rendered":"<p><strong>REFERENCIA:\u00a0<\/strong>GARRAF\u00d3N AUTOCLAVABLE DE POLIPROPILENO CON DISPENSADOR NALGENE<\/p>\n<p><strong>MARCA: <\/strong>NALGENE<\/p>\n<p>Elija las garrafas esterilizables en autoclave Thermo Scientific\u2122 Nalgene\u2122 para grandes lotes de medios de cultivo, producci\u00f3n de vacunas, medios a granel y almacenamiento de productos qu\u00edmicos.\u00a0Estas bombonas cuentan con una boca grande para facilitar el llenado\/despacho y est\u00e1n hechas de polipropileno natural con cierre de polipropileno blanco 83B y junta de TPE (elast\u00f3mero termopl\u00e1stico).<\/p>\n<p>Opciones de personalizaci\u00f3n disponibles para aplicaciones de transferencia de fluidos.\u00a0Se adapta perfectamente a una variedad de cierres 83B opcionales con juegos de tubos est\u00e1ndar (como Nalgene\u2122 Top Works\u2122, Nalgene\u2122 Filling\/Venting) y dise\u00f1os de juegos de tubos personalizados.<\/p>\n<p><strong>Tags de b\u00fasqueda:<\/strong> Garraf\u00f3n, Bid\u00f3n, Garraf\u00f3n de laboratorio, Bid\u00f3n de laboratorio, Autoclavable, Esterilizable, Garraf\u00f3n con dispensador, Garraf\u00f3n a prueba de fugas, Recipientes para laboratorio, Insumos para laboratorio, Consumibles para laboratorio.<\/p>\n","protected":false},"featured_media":5278,"comment_status":"closed","ping_status":"closed","template":"","meta":{"_eb_attr":"","site-sidebar-layout":"default","site-content-layout":"default","ast-site-content-layout":"","site-content-style":"default","site-sidebar-style":"default","ast-global-header-display":"","ast-banner-title-visibility":"","ast-main-header-display":"","ast-hfb-above-header-display":"","ast-hfb-below-header-display":"","ast-hfb-mobile-header-display":"","site-post-title":"","ast-breadcrumbs-content":"","ast-featured-img":"","footer-sml-layout":"","theme-transparent-header-meta":"default","adv-header-id-meta":"","stick-header-meta":"","header-above-stick-meta":"","header-main-stick-meta":"","header-below-stick-meta":"","astra-migrate-meta-layouts":"default","ast-page-background-enabled":"default","ast-page-background-meta":{"desktop":{"background-color":"","background-image":"","background-repeat":"repeat","background-position":"center center","background-size":"auto","background-attachment":"scroll","background-type":"","background-media":"","overlay-type":"","overlay-color":"","overlay-gradient":""},"tablet":{"background-color":"","background-image":"","background-repeat":"repeat","background-position":"center center","background-size":"auto","background-attachment":"scroll","background-type":"","background-media":"","overlay-type":"","overlay-color":"","overlay-gradient":""},"mobile":{"background-color":"","background-image":"","background-repeat":"repeat","background-position":"center center","background-size":"auto","background-attachment":"scroll","background-type":"","background-media":"","overlay-type":"","overlay-color":"","overlay-gradient":""}},"ast-content-background-meta":{"desktop":{"background-color":"var(--ast-global-color-5)","background-image":"","background-repeat":"repeat","background-position":"center center","background-size":"auto","background-attachment":"scroll","background-type":"","background-media":"","overlay-type":"","overlay-color":"","overlay-gradient":""},"tablet":{"background-color":"var(--ast-global-color-5)","background-image":"","background-repeat":"repeat","background-position":"center center","background-size":"auto","background-attachment":"scroll","background-type":"","background-media":"","overlay-type":"","overlay-color":"","overlay-gradient":""},"mobile":{"background-color":"var(--ast-global-color-5)","background-image":"","background-repeat":"repeat","background-position":"center center","background-size":"auto","background-attachment":"scroll","background-type":"","background-media":"","overlay-type":"","overlay-color":"","overlay-gradient":""}}},"product_cat":[57],"product_tag":[],"class_list":{"0":"post-4787","1":"product","2":"type-product","3":"status-publish","4":"has-post-thumbnail","6":"product_cat-autoclaves-balanza-analizadores","7":"desktop-align-left","8":"tablet-align-left","9":"mobile-align-left","11":"first","12":"instock","13":"shipping-taxable","14":"product-type-simple"},"_links":{"self":[{"href":"https:\/\/ninbol-srl.com\/web\/wp-json\/wp\/v2\/product\/4787","targetHints":{"allow":["GET"]}}],"collection":[{"href":"https:\/\/ninbol-srl.com\/web\/wp-json\/wp\/v2\/product"}],"about":[{"href":"https:\/\/ninbol-srl.com\/web\/wp-json\/wp\/v2\/types\/product"}],"replies":[{"embeddable":true,"href":"https:\/\/ninbol-srl.com\/web\/wp-json\/wp\/v2\/comments?post=4787"}],"version-history":[{"count":2,"href":"https:\/\/ninbol-srl.com\/web\/wp-json\/wp\/v2\/product\/4787\/revisions"}],"predecessor-version":[{"id":5439,"href":"https:\/\/ninbol-srl.com\/web\/wp-json\/wp\/v2\/product\/4787\/revisions\/5439"}],"wp:featuredmedia":[{"embeddable":true,"href":"https:\/\/ninbol-srl.com\/web\/wp-json\/wp\/v2\/media\/5278"}],"wp:attachment":[{"href":"https:\/\/ninbol-srl.com\/web\/wp-json\/wp\/v2\/media?parent=4787"}],"wp:term":[{"taxonomy":"product_cat","embeddable":true,"href":"https:\/\/ninbol-srl.com\/web\/wp-json\/wp\/v2\/product_cat?post=4787"},{"taxonomy":"product_tag","embeddable":true,"href":"https:\/\/ninbol-srl.com\/web\/wp-json\/wp\/v2\/product_tag?post=4787"}],"curies":[{"name":"wp","href":"https:\/\/api.w.org\/{rel}","templated":true}]}}