{"id":4803,"date":"2023-03-27T15:39:30","date_gmt":"2023-03-27T15:39:30","guid":{"rendered":"https:\/\/ninbol-srl.com\/web\/?post_type=product&#038;p=4803"},"modified":"2023-04-09T18:05:48","modified_gmt":"2023-04-09T18:05:48","slug":"bomba-de-vacio","status":"publish","type":"product","link":"https:\/\/ninbol-srl.com\/web\/producto\/bomba-de-vacio\/","title":{"rendered":"Bomba de vacio"},"content":{"rendered":"","protected":false},"excerpt":{"rendered":"<p><strong>REFERENCIA:\u00a0<\/strong>622.12.001 |\u00a0<strong>MARCA:\u00a0<\/strong>ISO-LAB<\/p>\n<p>Bombas ideales para todo tipo de aplicaciones de filtraci\u00f3n y tambi\u00e9n para muestreo de aire, ensayos de s\u00f3lidos suspendidos, destilaci\u00f3n al vac\u00edo, secado en gel, aplicaciones de cromatograf\u00eda.<\/p>\n<p>Se puede usar simult\u00e1neamente como bomba de vac\u00edo y como bomba de presi\u00f3n para suministro de presi\u00f3n.<\/p>\n<p>El motor accionado por pist\u00f3n y sin correa no necesita aceite ni lubricante y permite un bombeo continuo sin aceite.<\/p>\n<p>Los pies de goma con silicona sostienen las bombas en la superficie de las mesas.<\/p>\n","protected":false},"featured_media":4804,"comment_status":"closed","ping_status":"closed","template":"","meta":{"_eb_attr":"","site-sidebar-layout":"default","site-content-layout":"default","ast-site-content-layout":"","site-content-style":"default","site-sidebar-style":"default","ast-global-header-display":"","ast-banner-title-visibility":"","ast-main-header-display":"","ast-hfb-above-header-display":"","ast-hfb-below-header-display":"","ast-hfb-mobile-header-display":"","site-post-title":"","ast-breadcrumbs-content":"","ast-featured-img":"","footer-sml-layout":"","theme-transparent-header-meta":"default","adv-header-id-meta":"","stick-header-meta":"","header-above-stick-meta":"","header-main-stick-meta":"","header-below-stick-meta":"","astra-migrate-meta-layouts":"default","ast-page-background-enabled":"default","ast-page-background-meta":{"desktop":{"background-color":"","background-image":"","background-repeat":"repeat","background-position":"center center","background-size":"auto","background-attachment":"scroll","background-type":"","background-media":"","overlay-type":"","overlay-color":"","overlay-gradient":""},"tablet":{"background-color":"","background-image":"","background-repeat":"repeat","background-position":"center center","background-size":"auto","background-attachment":"scroll","background-type":"","background-media":"","overlay-type":"","overlay-color":"","overlay-gradient":""},"mobile":{"background-color":"","background-image":"","background-repeat":"repeat","background-position":"center center","background-size":"auto","background-attachment":"scroll","background-type":"","background-media":"","overlay-type":"","overlay-color":"","overlay-gradient":""}},"ast-content-background-meta":{"desktop":{"background-color":"var(--ast-global-color-5)","background-image":"","background-repeat":"repeat","background-position":"center center","background-size":"auto","background-attachment":"scroll","background-type":"","background-media":"","overlay-type":"","overlay-color":"","overlay-gradient":""},"tablet":{"background-color":"var(--ast-global-color-5)","background-image":"","background-repeat":"repeat","background-position":"center center","background-size":"auto","background-attachment":"scroll","background-type":"","background-media":"","overlay-type":"","overlay-color":"","overlay-gradient":""},"mobile":{"background-color":"var(--ast-global-color-5)","background-image":"","background-repeat":"repeat","background-position":"center center","background-size":"auto","background-attachment":"scroll","background-type":"","background-media":"","overlay-type":"","overlay-color":"","overlay-gradient":""}}},"product_cat":[48],"product_tag":[],"class_list":{"0":"post-4803","1":"product","2":"type-product","3":"status-publish","4":"has-post-thumbnail","6":"product_cat-banos","7":"desktop-align-left","8":"tablet-align-left","9":"mobile-align-left","11":"first","12":"instock","13":"shipping-taxable","14":"product-type-simple"},"_links":{"self":[{"href":"https:\/\/ninbol-srl.com\/web\/wp-json\/wp\/v2\/product\/4803","targetHints":{"allow":["GET"]}}],"collection":[{"href":"https:\/\/ninbol-srl.com\/web\/wp-json\/wp\/v2\/product"}],"about":[{"href":"https:\/\/ninbol-srl.com\/web\/wp-json\/wp\/v2\/types\/product"}],"replies":[{"embeddable":true,"href":"https:\/\/ninbol-srl.com\/web\/wp-json\/wp\/v2\/comments?post=4803"}],"version-history":[{"count":2,"href":"https:\/\/ninbol-srl.com\/web\/wp-json\/wp\/v2\/product\/4803\/revisions"}],"predecessor-version":[{"id":5434,"href":"https:\/\/ninbol-srl.com\/web\/wp-json\/wp\/v2\/product\/4803\/revisions\/5434"}],"wp:featuredmedia":[{"embeddable":true,"href":"https:\/\/ninbol-srl.com\/web\/wp-json\/wp\/v2\/media\/4804"}],"wp:attachment":[{"href":"https:\/\/ninbol-srl.com\/web\/wp-json\/wp\/v2\/media?parent=4803"}],"wp:term":[{"taxonomy":"product_cat","embeddable":true,"href":"https:\/\/ninbol-srl.com\/web\/wp-json\/wp\/v2\/product_cat?post=4803"},{"taxonomy":"product_tag","embeddable":true,"href":"https:\/\/ninbol-srl.com\/web\/wp-json\/wp\/v2\/product_tag?post=4803"}],"curies":[{"name":"wp","href":"https:\/\/api.w.org\/{rel}","templated":true}]}}