{"id":4821,"date":"2023-03-27T19:34:04","date_gmt":"2023-03-27T19:34:04","guid":{"rendered":"https:\/\/ninbol-srl.com\/web\/?post_type=product&#038;p=4821"},"modified":"2023-04-09T17:16:42","modified_gmt":"2023-04-09T17:16:42","slug":"centrifugas","status":"publish","type":"product","link":"https:\/\/ninbol-srl.com\/web\/producto\/centrifugas\/","title":{"rendered":"Centr\u00edfugas"},"content":{"rendered":"","protected":false},"excerpt":{"rendered":"<p><strong>REFERENCIA:\u00a0<\/strong>-603.05.001 |\u00a0<strong>MARCA:\u00a0<\/strong>ISOLAB<\/p>\n<ul>\n<li>Centrifuga ideal para separaci\u00f3n r\u00e1pida de suero, plasma, urea, muestras de sangre y otras aplicaciones de rutina en laboratorios m\u00e9dicos, de investigaci\u00f3n y qu\u00edmico. A prueba de explosi\u00f3n.<\/li>\n<\/ul>\n","protected":false},"featured_media":4822,"comment_status":"closed","ping_status":"closed","template":"","meta":{"_eb_attr":"","site-sidebar-layout":"default","site-content-layout":"default","ast-site-content-layout":"","site-content-style":"default","site-sidebar-style":"default","ast-global-header-display":"","ast-banner-title-visibility":"","ast-main-header-display":"","ast-hfb-above-header-display":"","ast-hfb-below-header-display":"","ast-hfb-mobile-header-display":"","site-post-title":"","ast-breadcrumbs-content":"","ast-featured-img":"","footer-sml-layout":"","theme-transparent-header-meta":"default","adv-header-id-meta":"","stick-header-meta":"","header-above-stick-meta":"","header-main-stick-meta":"","header-below-stick-meta":"","astra-migrate-meta-layouts":"default","ast-page-background-enabled":"default","ast-page-background-meta":{"desktop":{"background-color":"","background-image":"","background-repeat":"repeat","background-position":"center center","background-size":"auto","background-attachment":"scroll","background-type":"","background-media":"","overlay-type":"","overlay-color":"","overlay-gradient":""},"tablet":{"background-color":"","background-image":"","background-repeat":"repeat","background-position":"center center","background-size":"auto","background-attachment":"scroll","background-type":"","background-media":"","overlay-type":"","overlay-color":"","overlay-gradient":""},"mobile":{"background-color":"","background-image":"","background-repeat":"repeat","background-position":"center center","background-size":"auto","background-attachment":"scroll","background-type":"","background-media":"","overlay-type":"","overlay-color":"","overlay-gradient":""}},"ast-content-background-meta":{"desktop":{"background-color":"var(--ast-global-color-5)","background-image":"","background-repeat":"repeat","background-position":"center center","background-size":"auto","background-attachment":"scroll","background-type":"","background-media":"","overlay-type":"","overlay-color":"","overlay-gradient":""},"tablet":{"background-color":"var(--ast-global-color-5)","background-image":"","background-repeat":"repeat","background-position":"center center","background-size":"auto","background-attachment":"scroll","background-type":"","background-media":"","overlay-type":"","overlay-color":"","overlay-gradient":""},"mobile":{"background-color":"var(--ast-global-color-5)","background-image":"","background-repeat":"repeat","background-position":"center center","background-size":"auto","background-attachment":"scroll","background-type":"","background-media":"","overlay-type":"","overlay-color":"","overlay-gradient":""}}},"product_cat":[48],"product_tag":[],"class_list":{"0":"post-4821","1":"product","2":"type-product","3":"status-publish","4":"has-post-thumbnail","6":"product_cat-banos","7":"desktop-align-left","8":"tablet-align-left","9":"mobile-align-left","11":"first","12":"instock","13":"shipping-taxable","14":"product-type-simple"},"_links":{"self":[{"href":"https:\/\/ninbol-srl.com\/web\/wp-json\/wp\/v2\/product\/4821","targetHints":{"allow":["GET"]}}],"collection":[{"href":"https:\/\/ninbol-srl.com\/web\/wp-json\/wp\/v2\/product"}],"about":[{"href":"https:\/\/ninbol-srl.com\/web\/wp-json\/wp\/v2\/types\/product"}],"replies":[{"embeddable":true,"href":"https:\/\/ninbol-srl.com\/web\/wp-json\/wp\/v2\/comments?post=4821"}],"version-history":[{"count":3,"href":"https:\/\/ninbol-srl.com\/web\/wp-json\/wp\/v2\/product\/4821\/revisions"}],"predecessor-version":[{"id":5426,"href":"https:\/\/ninbol-srl.com\/web\/wp-json\/wp\/v2\/product\/4821\/revisions\/5426"}],"wp:featuredmedia":[{"embeddable":true,"href":"https:\/\/ninbol-srl.com\/web\/wp-json\/wp\/v2\/media\/4822"}],"wp:attachment":[{"href":"https:\/\/ninbol-srl.com\/web\/wp-json\/wp\/v2\/media?parent=4821"}],"wp:term":[{"taxonomy":"product_cat","embeddable":true,"href":"https:\/\/ninbol-srl.com\/web\/wp-json\/wp\/v2\/product_cat?post=4821"},{"taxonomy":"product_tag","embeddable":true,"href":"https:\/\/ninbol-srl.com\/web\/wp-json\/wp\/v2\/product_tag?post=4821"}],"curies":[{"name":"wp","href":"https:\/\/api.w.org\/{rel}","templated":true}]}}