{"id":4833,"date":"2023-03-27T19:44:56","date_gmt":"2023-03-27T19:44:56","guid":{"rendered":"https:\/\/ninbol-srl.com\/web\/?post_type=product&#038;p=4833"},"modified":"2023-04-09T17:08:27","modified_gmt":"2023-04-09T17:08:27","slug":"crioscopio","status":"publish","type":"product","link":"https:\/\/ninbol-srl.com\/web\/producto\/crioscopio\/","title":{"rendered":"Crioscopio"},"content":{"rendered":"","protected":false},"excerpt":{"rendered":"<p><strong>REFERENCIA<\/strong>:\u00a07150 |\u00a0<strong>MARCA:\u00a0<\/strong>FUNKE GERBER<\/p>\n<p>crioscopio autom\u00e1tico,\u00a0(dispositivo de muestra \u00fanica sin impresora)<\/p>\n<p>Con CryoStar, analizador el punto de congelaci\u00f3n de la leche se puede medir de forma r\u00e1pida y segura. Equipamiento para modelos individuales. Medida de referencia seg\u00fan DIN \/ ISO \/ IDF 5764<\/p>\n<ul>\n<li><strong>Promesa y flexibilidad<\/strong>:est\u00e1n disponibles la medici\u00f3n de tiempo fijo, la b\u00fasqueda simple y la b\u00fasqueda en horario de m\u00e1xima audiencia. Todos los par\u00e1metros relevantes se pueden programar libremente. Por supuesto, tambi\u00e9n est\u00e1 programado, lo que hace que el dispositivo sea adaptable a todos los est\u00e1ndares nacionales e internacionales.<\/li>\n<li><strong>Comodidad:<\/strong>La operaci\u00f3n se realiza utilizando las instrucciones del men\u00fa en el idioma de su elecci\u00f3n. Actualmente est\u00e1n disponibles los idiomas alem\u00e1n, ingl\u00e9s, franc\u00e9s, griego, italiano, polaco, espa\u00f1ol, turco y h\u00fangaro.<\/li>\n<li><strong>Eficiencia<\/strong>:El nuevo sistema de refrigeraci\u00f3n (pendiente de patente) permite una r\u00e1pida disponibilidad, incluso a temperaturas ambiente altas (alrededor de 32 \u00b0C).<br \/>\nR\u00e1pido: dependiendo de la configuraci\u00f3n, se pueden medir hasta 40 muestras por hora.<\/li>\n<li><strong>Vers\u00e1til:<\/strong>La unidad dispone de una conexi\u00f3n paralela (para impresoras corrientes) y se puede conectar a un PC a trav\u00e9s de una interfaz serial. Con ello es posible visualizar la curva de congelaci\u00f3n en el monitor durante la medici\u00f3n y, si se desea, guardarla. Una potente funci\u00f3n de zoom (ampliaci\u00f3n) completa las ventajas ofrecidas. El software necesario forma parte del suministro.<\/li>\n<\/ul>\n","protected":false},"featured_media":4834,"comment_status":"closed","ping_status":"closed","template":"","meta":{"_eb_attr":"","site-sidebar-layout":"default","site-content-layout":"default","ast-site-content-layout":"","site-content-style":"default","site-sidebar-style":"default","ast-global-header-display":"","ast-banner-title-visibility":"","ast-main-header-display":"","ast-hfb-above-header-display":"","ast-hfb-below-header-display":"","ast-hfb-mobile-header-display":"","site-post-title":"","ast-breadcrumbs-content":"","ast-featured-img":"","footer-sml-layout":"","theme-transparent-header-meta":"default","adv-header-id-meta":"","stick-header-meta":"","header-above-stick-meta":"","header-main-stick-meta":"","header-below-stick-meta":"","astra-migrate-meta-layouts":"default","ast-page-background-enabled":"default","ast-page-background-meta":{"desktop":{"background-color":"","background-image":"","background-repeat":"repeat","background-position":"center center","background-size":"auto","background-attachment":"scroll","background-type":"","background-media":"","overlay-type":"","overlay-color":"","overlay-gradient":""},"tablet":{"background-color":"","background-image":"","background-repeat":"repeat","background-position":"center center","background-size":"auto","background-attachment":"scroll","background-type":"","background-media":"","overlay-type":"","overlay-color":"","overlay-gradient":""},"mobile":{"background-color":"","background-image":"","background-repeat":"repeat","background-position":"center center","background-size":"auto","background-attachment":"scroll","background-type":"","background-media":"","overlay-type":"","overlay-color":"","overlay-gradient":""}},"ast-content-background-meta":{"desktop":{"background-color":"var(--ast-global-color-5)","background-image":"","background-repeat":"repeat","background-position":"center center","background-size":"auto","background-attachment":"scroll","background-type":"","background-media":"","overlay-type":"","overlay-color":"","overlay-gradient":""},"tablet":{"background-color":"var(--ast-global-color-5)","background-image":"","background-repeat":"repeat","background-position":"center center","background-size":"auto","background-attachment":"scroll","background-type":"","background-media":"","overlay-type":"","overlay-color":"","overlay-gradient":""},"mobile":{"background-color":"var(--ast-global-color-5)","background-image":"","background-repeat":"repeat","background-position":"center center","background-size":"auto","background-attachment":"scroll","background-type":"","background-media":"","overlay-type":"","overlay-color":"","overlay-gradient":""}}},"product_cat":[48],"product_tag":[],"class_list":{"0":"post-4833","1":"product","2":"type-product","3":"status-publish","4":"has-post-thumbnail","6":"product_cat-banos","7":"desktop-align-left","8":"tablet-align-left","9":"mobile-align-left","11":"first","12":"instock","13":"shipping-taxable","14":"product-type-simple"},"_links":{"self":[{"href":"https:\/\/ninbol-srl.com\/web\/wp-json\/wp\/v2\/product\/4833","targetHints":{"allow":["GET"]}}],"collection":[{"href":"https:\/\/ninbol-srl.com\/web\/wp-json\/wp\/v2\/product"}],"about":[{"href":"https:\/\/ninbol-srl.com\/web\/wp-json\/wp\/v2\/types\/product"}],"replies":[{"embeddable":true,"href":"https:\/\/ninbol-srl.com\/web\/wp-json\/wp\/v2\/comments?post=4833"}],"version-history":[{"count":2,"href":"https:\/\/ninbol-srl.com\/web\/wp-json\/wp\/v2\/product\/4833\/revisions"}],"predecessor-version":[{"id":5420,"href":"https:\/\/ninbol-srl.com\/web\/wp-json\/wp\/v2\/product\/4833\/revisions\/5420"}],"wp:featuredmedia":[{"embeddable":true,"href":"https:\/\/ninbol-srl.com\/web\/wp-json\/wp\/v2\/media\/4834"}],"wp:attachment":[{"href":"https:\/\/ninbol-srl.com\/web\/wp-json\/wp\/v2\/media?parent=4833"}],"wp:term":[{"taxonomy":"product_cat","embeddable":true,"href":"https:\/\/ninbol-srl.com\/web\/wp-json\/wp\/v2\/product_cat?post=4833"},{"taxonomy":"product_tag","embeddable":true,"href":"https:\/\/ninbol-srl.com\/web\/wp-json\/wp\/v2\/product_tag?post=4833"}],"curies":[{"name":"wp","href":"https:\/\/api.w.org\/{rel}","templated":true}]}}