{"id":4921,"date":"2023-03-27T20:59:22","date_gmt":"2023-03-27T20:59:22","guid":{"rendered":"https:\/\/ninbol-srl.com\/web\/?post_type=product&#038;p=4921"},"modified":"2023-04-09T15:42:36","modified_gmt":"2023-04-09T15:42:36","slug":"mufla-nabertherm-lt15","status":"publish","type":"product","link":"https:\/\/ninbol-srl.com\/web\/producto\/mufla-nabertherm-lt15\/","title":{"rendered":"Mufla Nabertherm lt15"},"content":{"rendered":"","protected":false},"excerpt":{"rendered":"<p><strong>REFERENCIA:\u00a0<\/strong>LT 15\/11\/B510 |\u00a0<strong>MARCA:\u00a0<\/strong>NABERTHERM<\/p>\n<p>Los hornos de mufla L 1\/12 &#8211; LT 60\/12 llevan muchos a\u00f1os demostrando su idoneidad para el uso diario en el laboratorio. Esta l\u00ednea, de hornos se distingue por un atractivo dise\u00f1o, un gran acabado, y un alto grado de fiabilidad. Los hornos de mufla se pueden adquirir, con puerta abatible o con puerta de elevaci\u00f3n.<\/p>\n","protected":false},"featured_media":4922,"comment_status":"closed","ping_status":"closed","template":"","meta":{"_eb_attr":"","site-sidebar-layout":"default","site-content-layout":"default","ast-site-content-layout":"","site-content-style":"default","site-sidebar-style":"default","ast-global-header-display":"","ast-banner-title-visibility":"","ast-main-header-display":"","ast-hfb-above-header-display":"","ast-hfb-below-header-display":"","ast-hfb-mobile-header-display":"","site-post-title":"","ast-breadcrumbs-content":"","ast-featured-img":"","footer-sml-layout":"","theme-transparent-header-meta":"default","adv-header-id-meta":"","stick-header-meta":"","header-above-stick-meta":"","header-main-stick-meta":"","header-below-stick-meta":"","astra-migrate-meta-layouts":"default","ast-page-background-enabled":"default","ast-page-background-meta":{"desktop":{"background-color":"","background-image":"","background-repeat":"repeat","background-position":"center center","background-size":"auto","background-attachment":"scroll","background-type":"","background-media":"","overlay-type":"","overlay-color":"","overlay-gradient":""},"tablet":{"background-color":"","background-image":"","background-repeat":"repeat","background-position":"center center","background-size":"auto","background-attachment":"scroll","background-type":"","background-media":"","overlay-type":"","overlay-color":"","overlay-gradient":""},"mobile":{"background-color":"","background-image":"","background-repeat":"repeat","background-position":"center center","background-size":"auto","background-attachment":"scroll","background-type":"","background-media":"","overlay-type":"","overlay-color":"","overlay-gradient":""}},"ast-content-background-meta":{"desktop":{"background-color":"var(--ast-global-color-5)","background-image":"","background-repeat":"repeat","background-position":"center center","background-size":"auto","background-attachment":"scroll","background-type":"","background-media":"","overlay-type":"","overlay-color":"","overlay-gradient":""},"tablet":{"background-color":"var(--ast-global-color-5)","background-image":"","background-repeat":"repeat","background-position":"center center","background-size":"auto","background-attachment":"scroll","background-type":"","background-media":"","overlay-type":"","overlay-color":"","overlay-gradient":""},"mobile":{"background-color":"var(--ast-global-color-5)","background-image":"","background-repeat":"repeat","background-position":"center center","background-size":"auto","background-attachment":"scroll","background-type":"","background-media":"","overlay-type":"","overlay-color":"","overlay-gradient":""}}},"product_cat":[59],"product_tag":[],"class_list":{"0":"post-4921","1":"product","2":"type-product","3":"status-publish","4":"has-post-thumbnail","6":"product_cat-microscopios","7":"desktop-align-left","8":"tablet-align-left","9":"mobile-align-left","11":"first","12":"instock","13":"shipping-taxable","14":"product-type-simple"},"_links":{"self":[{"href":"https:\/\/ninbol-srl.com\/web\/wp-json\/wp\/v2\/product\/4921","targetHints":{"allow":["GET"]}}],"collection":[{"href":"https:\/\/ninbol-srl.com\/web\/wp-json\/wp\/v2\/product"}],"about":[{"href":"https:\/\/ninbol-srl.com\/web\/wp-json\/wp\/v2\/types\/product"}],"replies":[{"embeddable":true,"href":"https:\/\/ninbol-srl.com\/web\/wp-json\/wp\/v2\/comments?post=4921"}],"version-history":[{"count":2,"href":"https:\/\/ninbol-srl.com\/web\/wp-json\/wp\/v2\/product\/4921\/revisions"}],"predecessor-version":[{"id":5390,"href":"https:\/\/ninbol-srl.com\/web\/wp-json\/wp\/v2\/product\/4921\/revisions\/5390"}],"wp:featuredmedia":[{"embeddable":true,"href":"https:\/\/ninbol-srl.com\/web\/wp-json\/wp\/v2\/media\/4922"}],"wp:attachment":[{"href":"https:\/\/ninbol-srl.com\/web\/wp-json\/wp\/v2\/media?parent=4921"}],"wp:term":[{"taxonomy":"product_cat","embeddable":true,"href":"https:\/\/ninbol-srl.com\/web\/wp-json\/wp\/v2\/product_cat?post=4921"},{"taxonomy":"product_tag","embeddable":true,"href":"https:\/\/ninbol-srl.com\/web\/wp-json\/wp\/v2\/product_tag?post=4921"}],"curies":[{"name":"wp","href":"https:\/\/api.w.org\/{rel}","templated":true}]}}