{"id":4954,"date":"2023-03-27T21:22:21","date_gmt":"2023-03-27T21:22:21","guid":{"rendered":"https:\/\/ninbol-srl.com\/web\/?post_type=product&#038;p=4954"},"modified":"2023-04-09T13:34:10","modified_gmt":"2023-04-09T13:34:10","slug":"placas-calefactoras-de-aluminio-thermolyne","status":"publish","type":"product","link":"https:\/\/ninbol-srl.com\/web\/producto\/placas-calefactoras-de-aluminio-thermolyne\/","title":{"rendered":"Placas calefactoras de aluminio Thermolyne"},"content":{"rendered":"","protected":false},"excerpt":{"rendered":"<p><strong>REFERENCIA:\u00a0<\/strong>THMHPA2240MQ |\u00a0<strong>MARCA:\u00a0<\/strong>THERMO SCIENTIFIC<\/p>\n<p>Estas\u00a0\u00a0<strong>placas calefactoras de aluminio Thermo Scientific Thermolyne<\/strong>\u00a0\u00a0soportan hasta 40 lb.\u00a0El control de temperatura termost\u00e1tico detecta y mantiene la temperatura de la placa caliente para una excelente estabilidad, mientras que los elementos calefactores integrados transfieren el calor de manera uniforme para una uniformidad superior.\u00a0La luz de ciclo indica cu\u00e1ndo se suministra energ\u00eda al elemento calefactor.<\/p>\n<p>El modelo con placa superior de 24&#8243; x 12&#8243; cuenta con rel\u00e9 de estado s\u00f3lido y circuitos controlados electr\u00f3nicamente para seguridad y confiabilidad durante aplicaciones de alto vataje.\u00a0La caja pintada con epoxi aumenta la resistencia qu\u00edmica en ambientes corrosivos.<\/p>\n","protected":false},"featured_media":4955,"comment_status":"closed","ping_status":"closed","template":"","meta":{"_eb_attr":"","site-sidebar-layout":"default","site-content-layout":"default","ast-site-content-layout":"","site-content-style":"default","site-sidebar-style":"default","ast-global-header-display":"","ast-banner-title-visibility":"","ast-main-header-display":"","ast-hfb-above-header-display":"","ast-hfb-below-header-display":"","ast-hfb-mobile-header-display":"","site-post-title":"","ast-breadcrumbs-content":"","ast-featured-img":"","footer-sml-layout":"","theme-transparent-header-meta":"default","adv-header-id-meta":"","stick-header-meta":"","header-above-stick-meta":"","header-main-stick-meta":"","header-below-stick-meta":"","astra-migrate-meta-layouts":"default","ast-page-background-enabled":"default","ast-page-background-meta":{"desktop":{"background-color":"","background-image":"","background-repeat":"repeat","background-position":"center center","background-size":"auto","background-attachment":"scroll","background-type":"","background-media":"","overlay-type":"","overlay-color":"","overlay-gradient":""},"tablet":{"background-color":"","background-image":"","background-repeat":"repeat","background-position":"center center","background-size":"auto","background-attachment":"scroll","background-type":"","background-media":"","overlay-type":"","overlay-color":"","overlay-gradient":""},"mobile":{"background-color":"","background-image":"","background-repeat":"repeat","background-position":"center center","background-size":"auto","background-attachment":"scroll","background-type":"","background-media":"","overlay-type":"","overlay-color":"","overlay-gradient":""}},"ast-content-background-meta":{"desktop":{"background-color":"var(--ast-global-color-5)","background-image":"","background-repeat":"repeat","background-position":"center center","background-size":"auto","background-attachment":"scroll","background-type":"","background-media":"","overlay-type":"","overlay-color":"","overlay-gradient":""},"tablet":{"background-color":"var(--ast-global-color-5)","background-image":"","background-repeat":"repeat","background-position":"center center","background-size":"auto","background-attachment":"scroll","background-type":"","background-media":"","overlay-type":"","overlay-color":"","overlay-gradient":""},"mobile":{"background-color":"var(--ast-global-color-5)","background-image":"","background-repeat":"repeat","background-position":"center center","background-size":"auto","background-attachment":"scroll","background-type":"","background-media":"","overlay-type":"","overlay-color":"","overlay-gradient":""}}},"product_cat":[59],"product_tag":[],"class_list":{"0":"post-4954","1":"product","2":"type-product","3":"status-publish","4":"has-post-thumbnail","6":"product_cat-microscopios","7":"desktop-align-left","8":"tablet-align-left","9":"mobile-align-left","11":"first","12":"instock","13":"shipping-taxable","14":"product-type-simple"},"_links":{"self":[{"href":"https:\/\/ninbol-srl.com\/web\/wp-json\/wp\/v2\/product\/4954","targetHints":{"allow":["GET"]}}],"collection":[{"href":"https:\/\/ninbol-srl.com\/web\/wp-json\/wp\/v2\/product"}],"about":[{"href":"https:\/\/ninbol-srl.com\/web\/wp-json\/wp\/v2\/types\/product"}],"replies":[{"embeddable":true,"href":"https:\/\/ninbol-srl.com\/web\/wp-json\/wp\/v2\/comments?post=4954"}],"version-history":[{"count":2,"href":"https:\/\/ninbol-srl.com\/web\/wp-json\/wp\/v2\/product\/4954\/revisions"}],"predecessor-version":[{"id":5368,"href":"https:\/\/ninbol-srl.com\/web\/wp-json\/wp\/v2\/product\/4954\/revisions\/5368"}],"wp:featuredmedia":[{"embeddable":true,"href":"https:\/\/ninbol-srl.com\/web\/wp-json\/wp\/v2\/media\/4955"}],"wp:attachment":[{"href":"https:\/\/ninbol-srl.com\/web\/wp-json\/wp\/v2\/media?parent=4954"}],"wp:term":[{"taxonomy":"product_cat","embeddable":true,"href":"https:\/\/ninbol-srl.com\/web\/wp-json\/wp\/v2\/product_cat?post=4954"},{"taxonomy":"product_tag","embeddable":true,"href":"https:\/\/ninbol-srl.com\/web\/wp-json\/wp\/v2\/product_tag?post=4954"}],"curies":[{"name":"wp","href":"https:\/\/api.w.org\/{rel}","templated":true}]}}