{"id":4994,"date":"2023-03-27T21:48:22","date_gmt":"2023-03-27T21:48:22","guid":{"rendered":"https:\/\/ninbol-srl.com\/web\/?post_type=product&#038;p=4994"},"modified":"2023-04-08T21:51:06","modified_gmt":"2023-04-08T21:51:06","slug":"tamizador","status":"publish","type":"product","link":"https:\/\/ninbol-srl.com\/web\/producto\/tamizador\/","title":{"rendered":"Tamizador"},"content":{"rendered":"","protected":false},"excerpt":{"rendered":"<p><strong>REFERENCIA:\u00a0<\/strong><a href=\"https:\/\/tecfresh.com\/numero-de-catalogo\/ss-15f\/\">SS-15F<\/a> |\u00a0<strong>MARCA:\u00a0<\/strong>GILSON<\/p>\n<p>Los Agitador de tamiz Gilson de 8 pulgadas con temporizador mec\u00e1nico (230 V \/ 50 Hz) son agitadores de tamiz port\u00e1tiles dise\u00f1ados para superar a los equipos de precio comparable. Ambos modelos ofrecen una precisi\u00f3n y repetibilidad superiores para las separaciones de part\u00edculas.<\/p>\n","protected":false},"featured_media":4995,"comment_status":"closed","ping_status":"closed","template":"","meta":{"_eb_attr":"","site-sidebar-layout":"default","site-content-layout":"default","ast-site-content-layout":"","site-content-style":"default","site-sidebar-style":"default","ast-global-header-display":"","ast-banner-title-visibility":"","ast-main-header-display":"","ast-hfb-above-header-display":"","ast-hfb-below-header-display":"","ast-hfb-mobile-header-display":"","site-post-title":"","ast-breadcrumbs-content":"","ast-featured-img":"","footer-sml-layout":"","theme-transparent-header-meta":"default","adv-header-id-meta":"","stick-header-meta":"","header-above-stick-meta":"","header-main-stick-meta":"","header-below-stick-meta":"","astra-migrate-meta-layouts":"default","ast-page-background-enabled":"default","ast-page-background-meta":{"desktop":{"background-color":"","background-image":"","background-repeat":"repeat","background-position":"center center","background-size":"auto","background-attachment":"scroll","background-type":"","background-media":"","overlay-type":"","overlay-color":"","overlay-gradient":""},"tablet":{"background-color":"","background-image":"","background-repeat":"repeat","background-position":"center center","background-size":"auto","background-attachment":"scroll","background-type":"","background-media":"","overlay-type":"","overlay-color":"","overlay-gradient":""},"mobile":{"background-color":"","background-image":"","background-repeat":"repeat","background-position":"center center","background-size":"auto","background-attachment":"scroll","background-type":"","background-media":"","overlay-type":"","overlay-color":"","overlay-gradient":""}},"ast-content-background-meta":{"desktop":{"background-color":"var(--ast-global-color-5)","background-image":"","background-repeat":"repeat","background-position":"center center","background-size":"auto","background-attachment":"scroll","background-type":"","background-media":"","overlay-type":"","overlay-color":"","overlay-gradient":""},"tablet":{"background-color":"var(--ast-global-color-5)","background-image":"","background-repeat":"repeat","background-position":"center center","background-size":"auto","background-attachment":"scroll","background-type":"","background-media":"","overlay-type":"","overlay-color":"","overlay-gradient":""},"mobile":{"background-color":"var(--ast-global-color-5)","background-image":"","background-repeat":"repeat","background-position":"center center","background-size":"auto","background-attachment":"scroll","background-type":"","background-media":"","overlay-type":"","overlay-color":"","overlay-gradient":""}}},"product_cat":[60],"product_tag":[],"class_list":{"0":"post-4994","1":"product","2":"type-product","3":"status-publish","4":"has-post-thumbnail","6":"product_cat-polarimetros","7":"desktop-align-left","8":"tablet-align-left","9":"mobile-align-left","11":"first","12":"instock","13":"shipping-taxable","14":"product-type-simple"},"_links":{"self":[{"href":"https:\/\/ninbol-srl.com\/web\/wp-json\/wp\/v2\/product\/4994","targetHints":{"allow":["GET"]}}],"collection":[{"href":"https:\/\/ninbol-srl.com\/web\/wp-json\/wp\/v2\/product"}],"about":[{"href":"https:\/\/ninbol-srl.com\/web\/wp-json\/wp\/v2\/types\/product"}],"replies":[{"embeddable":true,"href":"https:\/\/ninbol-srl.com\/web\/wp-json\/wp\/v2\/comments?post=4994"}],"version-history":[{"count":2,"href":"https:\/\/ninbol-srl.com\/web\/wp-json\/wp\/v2\/product\/4994\/revisions"}],"predecessor-version":[{"id":5328,"href":"https:\/\/ninbol-srl.com\/web\/wp-json\/wp\/v2\/product\/4994\/revisions\/5328"}],"wp:featuredmedia":[{"embeddable":true,"href":"https:\/\/ninbol-srl.com\/web\/wp-json\/wp\/v2\/media\/4995"}],"wp:attachment":[{"href":"https:\/\/ninbol-srl.com\/web\/wp-json\/wp\/v2\/media?parent=4994"}],"wp:term":[{"taxonomy":"product_cat","embeddable":true,"href":"https:\/\/ninbol-srl.com\/web\/wp-json\/wp\/v2\/product_cat?post=4994"},{"taxonomy":"product_tag","embeddable":true,"href":"https:\/\/ninbol-srl.com\/web\/wp-json\/wp\/v2\/product_tag?post=4994"}],"curies":[{"name":"wp","href":"https:\/\/api.w.org\/{rel}","templated":true}]}}